{"id":1241,"date":"2019-09-01T14:14:16","date_gmt":"2019-09-01T12:14:16","guid":{"rendered":"https:\/\/www.epmflow.com\/company\/about-us\/"},"modified":"2022-04-28T00:02:47","modified_gmt":"2022-04-27T22:02:47","slug":"about-us","status":"publish","type":"page","link":"https:\/\/www.epmflow.com\/en\/company\/about-us\/","title":{"rendered":"About us"},"content":{"rendered":"<div id=\"cs-content\" class=\"cs-content\"><\/div>\n","protected":false},"excerpt":{"rendered":"<p>Jeste\u015bmy sp\u00f3\u0142k\u0105, kt\u00f3ra powsta\u0142a dzi\u0119ki wsp\u00f3\u0142pracy ludzi z pasj\u0105 do tworzenia rozwi\u0105za\u0144 zmieniaj\u0105cych podej\u015bcie do przebiegu procesu inwestycyjnego. Wszyscy byli\u015bmy i jeste\u015bmy zwi\u0105zani z bran\u017c\u0105 inwestycyjn\u0105. Projektowali\u015bmy, zarz\u0105dzali\u015bmy procesami i &#8230;<\/p>\n","protected":false},"author":1,"featured_media":0,"parent":1073,"menu_order":0,"comment_status":"closed","ping_status":"closed","template":"template-layout-full-width.php","meta":{"_acf_changed":false,"_bbp_topic_count":0,"_bbp_reply_count":0,"_bbp_total_topic_count":0,"_bbp_total_reply_count":0,"_bbp_voice_count":0,"_bbp_anonymous_reply_count":0,"_bbp_topic_count_hidden":0,"_bbp_reply_count_hidden":0,"_bbp_forum_subforum_count":0,"inline_featured_image":false,"footnotes":""},"class_list":["post-1241","page","type-page","status-publish","hentry","no-post-thumbnail"],"acf":[],"yoast_head":"<!-- This site is optimized with the Yoast SEO plugin v27.3 - https:\/\/yoast.com\/product\/yoast-seo-wordpress\/ -->\n<title>About us - epmflow<\/title>\n<meta name=\"robots\" content=\"index, follow, max-snippet:-1, max-image-preview:large, max-video-preview:-1\" \/>\n<link rel=\"canonical\" href=\"https:\/\/www.epmflow.com\/firma\/o-nas\/\" \/>\n<meta property=\"og:locale\" content=\"en_US\" \/>\n<meta property=\"og:type\" content=\"article\" \/>\n<meta property=\"og:title\" content=\"About us - epmflow\" \/>\n<meta property=\"og:description\" content=\"Jeste\u015bmy sp\u00f3\u0142k\u0105, kt\u00f3ra powsta\u0142a dzi\u0119ki wsp\u00f3\u0142pracy ludzi z pasj\u0105 do tworzenia rozwi\u0105za\u0144 zmieniaj\u0105cych podej\u015bcie do przebiegu procesu inwestycyjnego. Wszyscy byli\u015bmy i jeste\u015bmy zwi\u0105zani z bran\u017c\u0105 inwestycyjn\u0105. Projektowali\u015bmy, zarz\u0105dzali\u015bmy procesami i ...\" \/>\n<meta property=\"og:url\" content=\"https:\/\/www.epmflow.com\/firma\/o-nas\/\" \/>\n<meta property=\"og:site_name\" content=\"epmflow\" \/>\n<meta property=\"article:publisher\" content=\"https:\/\/www.facebook.com\/ePM-flow-359731567836620\/\" \/>\n<meta property=\"article:modified_time\" content=\"2022-04-27T22:02:47+00:00\" \/>\n<meta property=\"og:image\" content=\"https:\/\/www.epmflow.com\/wp-content\/uploads\/2019\/05\/epmflow_icon.png\" \/>\n<meta name=\"twitter:card\" content=\"summary_large_image\" \/>\n<meta name=\"twitter:label1\" content=\"Est. reading time\" \/>\n\t<meta name=\"twitter:data1\" content=\"2 minutes\" \/>\n<script type=\"application\/ld+json\" class=\"yoast-schema-graph\">{\"@context\":\"https:\\\/\\\/schema.org\",\"@graph\":[{\"@type\":\"WebPage\",\"@id\":\"https:\\\/\\\/www.epmflow.com\\\/firma\\\/o-nas\\\/\",\"url\":\"https:\\\/\\\/www.epmflow.com\\\/firma\\\/o-nas\\\/\",\"name\":\"About us - epmflow\",\"isPartOf\":{\"@id\":\"https:\\\/\\\/www.epmflow.com\\\/en\\\/#website\"},\"primaryImageOfPage\":{\"@id\":\"https:\\\/\\\/www.epmflow.com\\\/firma\\\/o-nas\\\/#primaryimage\"},\"image\":{\"@id\":\"https:\\\/\\\/www.epmflow.com\\\/firma\\\/o-nas\\\/#primaryimage\"},\"thumbnailUrl\":\"https:\\\/\\\/www.epmflow.com\\\/wp-content\\\/uploads\\\/2019\\\/05\\\/epmflow_icon.png\",\"datePublished\":\"2019-09-01T12:14:16+00:00\",\"dateModified\":\"2022-04-27T22:02:47+00:00\",\"breadcrumb\":{\"@id\":\"https:\\\/\\\/www.epmflow.com\\\/firma\\\/o-nas\\\/#breadcrumb\"},\"inLanguage\":\"en-US\",\"potentialAction\":[{\"@type\":\"ReadAction\",\"target\":[\"https:\\\/\\\/www.epmflow.com\\\/firma\\\/o-nas\\\/\"]}]},{\"@type\":\"ImageObject\",\"inLanguage\":\"en-US\",\"@id\":\"https:\\\/\\\/www.epmflow.com\\\/firma\\\/o-nas\\\/#primaryimage\",\"url\":\"https:\\\/\\\/www.epmflow.com\\\/wp-content\\\/uploads\\\/2019\\\/05\\\/epmflow_icon.png\",\"contentUrl\":\"https:\\\/\\\/www.epmflow.com\\\/wp-content\\\/uploads\\\/2019\\\/05\\\/epmflow_icon.png\"},{\"@type\":\"BreadcrumbList\",\"@id\":\"https:\\\/\\\/www.epmflow.com\\\/firma\\\/o-nas\\\/#breadcrumb\",\"itemListElement\":[{\"@type\":\"ListItem\",\"position\":1,\"name\":\"Strona g\u0142\u00f3wna\",\"item\":\"https:\\\/\\\/www.epmflow.com\\\/en\\\/\"},{\"@type\":\"ListItem\",\"position\":2,\"name\":\"Company\",\"item\":\"https:\\\/\\\/www.epmflow.com\\\/en\\\/company\\\/\"},{\"@type\":\"ListItem\",\"position\":3,\"name\":\"About us\"}]},{\"@type\":\"WebSite\",\"@id\":\"https:\\\/\\\/www.epmflow.com\\\/en\\\/#website\",\"url\":\"https:\\\/\\\/www.epmflow.com\\\/en\\\/\",\"name\":\"epmflow\",\"description\":\"intuicyjna i przyjazna u\u017cytkownikom platforma CDE\",\"potentialAction\":[{\"@type\":\"SearchAction\",\"target\":{\"@type\":\"EntryPoint\",\"urlTemplate\":\"https:\\\/\\\/www.epmflow.com\\\/en\\\/?s={search_term_string}\"},\"query-input\":{\"@type\":\"PropertyValueSpecification\",\"valueRequired\":true,\"valueName\":\"search_term_string\"}}],\"inLanguage\":\"en-US\"}]}<\/script>\n<!-- \/ Yoast SEO plugin. -->","yoast_head_json":{"title":"About us - epmflow","robots":{"index":"index","follow":"follow","max-snippet":"max-snippet:-1","max-image-preview":"max-image-preview:large","max-video-preview":"max-video-preview:-1"},"canonical":"https:\/\/www.epmflow.com\/firma\/o-nas\/","og_locale":"en_US","og_type":"article","og_title":"About us - epmflow","og_description":"Jeste\u015bmy sp\u00f3\u0142k\u0105, kt\u00f3ra powsta\u0142a dzi\u0119ki wsp\u00f3\u0142pracy ludzi z pasj\u0105 do tworzenia rozwi\u0105za\u0144 zmieniaj\u0105cych podej\u015bcie do przebiegu procesu inwestycyjnego. Wszyscy byli\u015bmy i jeste\u015bmy zwi\u0105zani z bran\u017c\u0105 inwestycyjn\u0105. Projektowali\u015bmy, zarz\u0105dzali\u015bmy procesami i ...","og_url":"https:\/\/www.epmflow.com\/firma\/o-nas\/","og_site_name":"epmflow","article_publisher":"https:\/\/www.facebook.com\/ePM-flow-359731567836620\/","article_modified_time":"2022-04-27T22:02:47+00:00","og_image":[{"url":"https:\/\/www.epmflow.com\/wp-content\/uploads\/2019\/05\/epmflow_icon.png","type":"","width":"","height":""}],"twitter_card":"summary_large_image","twitter_misc":{"Est. reading time":"2 minutes"},"schema":{"@context":"https:\/\/schema.org","@graph":[{"@type":"WebPage","@id":"https:\/\/www.epmflow.com\/firma\/o-nas\/","url":"https:\/\/www.epmflow.com\/firma\/o-nas\/","name":"About us - epmflow","isPartOf":{"@id":"https:\/\/www.epmflow.com\/en\/#website"},"primaryImageOfPage":{"@id":"https:\/\/www.epmflow.com\/firma\/o-nas\/#primaryimage"},"image":{"@id":"https:\/\/www.epmflow.com\/firma\/o-nas\/#primaryimage"},"thumbnailUrl":"https:\/\/www.epmflow.com\/wp-content\/uploads\/2019\/05\/epmflow_icon.png","datePublished":"2019-09-01T12:14:16+00:00","dateModified":"2022-04-27T22:02:47+00:00","breadcrumb":{"@id":"https:\/\/www.epmflow.com\/firma\/o-nas\/#breadcrumb"},"inLanguage":"en-US","potentialAction":[{"@type":"ReadAction","target":["https:\/\/www.epmflow.com\/firma\/o-nas\/"]}]},{"@type":"ImageObject","inLanguage":"en-US","@id":"https:\/\/www.epmflow.com\/firma\/o-nas\/#primaryimage","url":"https:\/\/www.epmflow.com\/wp-content\/uploads\/2019\/05\/epmflow_icon.png","contentUrl":"https:\/\/www.epmflow.com\/wp-content\/uploads\/2019\/05\/epmflow_icon.png"},{"@type":"BreadcrumbList","@id":"https:\/\/www.epmflow.com\/firma\/o-nas\/#breadcrumb","itemListElement":[{"@type":"ListItem","position":1,"name":"Strona g\u0142\u00f3wna","item":"https:\/\/www.epmflow.com\/en\/"},{"@type":"ListItem","position":2,"name":"Company","item":"https:\/\/www.epmflow.com\/en\/company\/"},{"@type":"ListItem","position":3,"name":"About us"}]},{"@type":"WebSite","@id":"https:\/\/www.epmflow.com\/en\/#website","url":"https:\/\/www.epmflow.com\/en\/","name":"epmflow","description":"intuicyjna i przyjazna u\u017cytkownikom platforma CDE","potentialAction":[{"@type":"SearchAction","target":{"@type":"EntryPoint","urlTemplate":"https:\/\/www.epmflow.com\/en\/?s={search_term_string}"},"query-input":{"@type":"PropertyValueSpecification","valueRequired":true,"valueName":"search_term_string"}}],"inLanguage":"en-US"}]}},"_links":{"self":[{"href":"https:\/\/www.epmflow.com\/en\/wp-json\/wp\/v2\/pages\/1241","targetHints":{"allow":["GET"]}}],"collection":[{"href":"https:\/\/www.epmflow.com\/en\/wp-json\/wp\/v2\/pages"}],"about":[{"href":"https:\/\/www.epmflow.com\/en\/wp-json\/wp\/v2\/types\/page"}],"author":[{"embeddable":true,"href":"https:\/\/www.epmflow.com\/en\/wp-json\/wp\/v2\/users\/1"}],"replies":[{"embeddable":true,"href":"https:\/\/www.epmflow.com\/en\/wp-json\/wp\/v2\/comments?post=1241"}],"version-history":[{"count":12,"href":"https:\/\/www.epmflow.com\/en\/wp-json\/wp\/v2\/pages\/1241\/revisions"}],"predecessor-version":[{"id":3203,"href":"https:\/\/www.epmflow.com\/en\/wp-json\/wp\/v2\/pages\/1241\/revisions\/3203"}],"up":[{"embeddable":true,"href":"https:\/\/www.epmflow.com\/en\/wp-json\/wp\/v2\/pages\/1073"}],"wp:attachment":[{"href":"https:\/\/www.epmflow.com\/en\/wp-json\/wp\/v2\/media?parent=1241"}],"curies":[{"name":"wp","href":"https:\/\/api.w.org\/{rel}","templated":true}]}}