{"id":1154,"date":"2015-04-08T18:39:18","date_gmt":"2015-04-08T16:39:18","guid":{"rendered":"https:\/\/www.epmflow.com\/?page_id=1154"},"modified":"2022-06-06T11:17:02","modified_gmt":"2022-06-06T09:17:02","slug":"kontakt","status":"publish","type":"page","link":"https:\/\/www.epmflow.com\/en\/kontakt\/","title":{"rendered":"Contact"},"content":{"rendered":"<div id=\"cs-content\" class=\"cs-content\"><\/div>\n","protected":false},"excerpt":{"rendered":"<p>Rozpocznij sw\u00f3j projekt ju\u017c dzi\u015b.Potrzebujesz pomocy w doborze najlepszego rozwi\u0105zania dla swojego projektu? Chcesz bli\u017cej pozna\u0107 mo\u017cliwo\u015bci platformy ePMflow?A mo\u017ce zwyczajnie potrzebujesz porozmawia\u0107 i dowiedzie\u0107 si\u0119 o co w tym &#8230;<\/p>\n","protected":false},"author":1,"featured_media":0,"parent":0,"menu_order":0,"comment_status":"closed","ping_status":"closed","template":"template-blank-4.php","meta":{"_acf_changed":false,"_bbp_topic_count":0,"_bbp_reply_count":0,"_bbp_total_topic_count":0,"_bbp_total_reply_count":0,"_bbp_voice_count":0,"_bbp_anonymous_reply_count":0,"_bbp_topic_count_hidden":0,"_bbp_reply_count_hidden":0,"_bbp_forum_subforum_count":0,"inline_featured_image":false,"footnotes":""},"class_list":["post-1154","page","type-page","status-publish","hentry","no-post-thumbnail"],"acf":[],"yoast_head":"<!-- This site is optimized with the Yoast SEO plugin v27.3 - https:\/\/yoast.com\/product\/yoast-seo-wordpress\/ -->\n<title>Contact - epmflow<\/title>\n<meta name=\"robots\" content=\"index, follow, max-snippet:-1, max-image-preview:large, max-video-preview:-1\" \/>\n<link rel=\"canonical\" href=\"https:\/\/www.epmflow.com\/en\/kontakt\/\" \/>\n<meta property=\"og:locale\" content=\"en_US\" \/>\n<meta property=\"og:type\" content=\"article\" \/>\n<meta property=\"og:title\" content=\"Contact - epmflow\" \/>\n<meta property=\"og:description\" content=\"Rozpocznij sw\u00f3j projekt ju\u017c dzi\u015b.Potrzebujesz pomocy w doborze najlepszego rozwi\u0105zania dla swojego projektu? Chcesz bli\u017cej pozna\u0107 mo\u017cliwo\u015bci platformy ePMflow?A mo\u017ce zwyczajnie potrzebujesz porozmawia\u0107 i dowiedzie\u0107 si\u0119 o co w tym ...\" \/>\n<meta property=\"og:url\" content=\"https:\/\/www.epmflow.com\/en\/kontakt\/\" \/>\n<meta property=\"og:site_name\" content=\"epmflow\" \/>\n<meta property=\"article:publisher\" content=\"https:\/\/www.facebook.com\/ePM-flow-359731567836620\/\" \/>\n<meta property=\"article:modified_time\" content=\"2022-06-06T09:17:02+00:00\" \/>\n<meta name=\"twitter:card\" content=\"summary_large_image\" \/>\n<meta name=\"twitter:label1\" content=\"Est. reading time\" \/>\n\t<meta name=\"twitter:data1\" content=\"2 minutes\" \/>\n<script type=\"application\/ld+json\" class=\"yoast-schema-graph\">{\"@context\":\"https:\\\/\\\/schema.org\",\"@graph\":[{\"@type\":\"WebPage\",\"@id\":\"https:\\\/\\\/www.epmflow.com\\\/en\\\/kontakt\\\/\",\"url\":\"https:\\\/\\\/www.epmflow.com\\\/en\\\/kontakt\\\/\",\"name\":\"Contact - epmflow\",\"isPartOf\":{\"@id\":\"https:\\\/\\\/www.epmflow.com\\\/en\\\/#website\"},\"datePublished\":\"2015-04-08T16:39:18+00:00\",\"dateModified\":\"2022-06-06T09:17:02+00:00\",\"breadcrumb\":{\"@id\":\"https:\\\/\\\/www.epmflow.com\\\/en\\\/kontakt\\\/#breadcrumb\"},\"inLanguage\":\"en-US\",\"potentialAction\":[{\"@type\":\"ReadAction\",\"target\":[\"https:\\\/\\\/www.epmflow.com\\\/en\\\/kontakt\\\/\"]}]},{\"@type\":\"BreadcrumbList\",\"@id\":\"https:\\\/\\\/www.epmflow.com\\\/en\\\/kontakt\\\/#breadcrumb\",\"itemListElement\":[{\"@type\":\"ListItem\",\"position\":1,\"name\":\"Strona g\u0142\u00f3wna\",\"item\":\"https:\\\/\\\/www.epmflow.com\\\/en\\\/\"},{\"@type\":\"ListItem\",\"position\":2,\"name\":\"Contact\"}]},{\"@type\":\"WebSite\",\"@id\":\"https:\\\/\\\/www.epmflow.com\\\/en\\\/#website\",\"url\":\"https:\\\/\\\/www.epmflow.com\\\/en\\\/\",\"name\":\"epmflow\",\"description\":\"intuicyjna i przyjazna u\u017cytkownikom platforma CDE\",\"potentialAction\":[{\"@type\":\"SearchAction\",\"target\":{\"@type\":\"EntryPoint\",\"urlTemplate\":\"https:\\\/\\\/www.epmflow.com\\\/en\\\/?s={search_term_string}\"},\"query-input\":{\"@type\":\"PropertyValueSpecification\",\"valueRequired\":true,\"valueName\":\"search_term_string\"}}],\"inLanguage\":\"en-US\"}]}<\/script>\n<!-- \/ Yoast SEO plugin. -->","yoast_head_json":{"title":"Contact - epmflow","robots":{"index":"index","follow":"follow","max-snippet":"max-snippet:-1","max-image-preview":"max-image-preview:large","max-video-preview":"max-video-preview:-1"},"canonical":"https:\/\/www.epmflow.com\/en\/kontakt\/","og_locale":"en_US","og_type":"article","og_title":"Contact - epmflow","og_description":"Rozpocznij sw\u00f3j projekt ju\u017c dzi\u015b.Potrzebujesz pomocy w doborze najlepszego rozwi\u0105zania dla swojego projektu? Chcesz bli\u017cej pozna\u0107 mo\u017cliwo\u015bci platformy ePMflow?A mo\u017ce zwyczajnie potrzebujesz porozmawia\u0107 i dowiedzie\u0107 si\u0119 o co w tym ...","og_url":"https:\/\/www.epmflow.com\/en\/kontakt\/","og_site_name":"epmflow","article_publisher":"https:\/\/www.facebook.com\/ePM-flow-359731567836620\/","article_modified_time":"2022-06-06T09:17:02+00:00","twitter_card":"summary_large_image","twitter_misc":{"Est. reading time":"2 minutes"},"schema":{"@context":"https:\/\/schema.org","@graph":[{"@type":"WebPage","@id":"https:\/\/www.epmflow.com\/en\/kontakt\/","url":"https:\/\/www.epmflow.com\/en\/kontakt\/","name":"Contact - epmflow","isPartOf":{"@id":"https:\/\/www.epmflow.com\/en\/#website"},"datePublished":"2015-04-08T16:39:18+00:00","dateModified":"2022-06-06T09:17:02+00:00","breadcrumb":{"@id":"https:\/\/www.epmflow.com\/en\/kontakt\/#breadcrumb"},"inLanguage":"en-US","potentialAction":[{"@type":"ReadAction","target":["https:\/\/www.epmflow.com\/en\/kontakt\/"]}]},{"@type":"BreadcrumbList","@id":"https:\/\/www.epmflow.com\/en\/kontakt\/#breadcrumb","itemListElement":[{"@type":"ListItem","position":1,"name":"Strona g\u0142\u00f3wna","item":"https:\/\/www.epmflow.com\/en\/"},{"@type":"ListItem","position":2,"name":"Contact"}]},{"@type":"WebSite","@id":"https:\/\/www.epmflow.com\/en\/#website","url":"https:\/\/www.epmflow.com\/en\/","name":"epmflow","description":"intuicyjna i przyjazna u\u017cytkownikom platforma CDE","potentialAction":[{"@type":"SearchAction","target":{"@type":"EntryPoint","urlTemplate":"https:\/\/www.epmflow.com\/en\/?s={search_term_string}"},"query-input":{"@type":"PropertyValueSpecification","valueRequired":true,"valueName":"search_term_string"}}],"inLanguage":"en-US"}]}},"_links":{"self":[{"href":"https:\/\/www.epmflow.com\/en\/wp-json\/wp\/v2\/pages\/1154","targetHints":{"allow":["GET"]}}],"collection":[{"href":"https:\/\/www.epmflow.com\/en\/wp-json\/wp\/v2\/pages"}],"about":[{"href":"https:\/\/www.epmflow.com\/en\/wp-json\/wp\/v2\/types\/page"}],"author":[{"embeddable":true,"href":"https:\/\/www.epmflow.com\/en\/wp-json\/wp\/v2\/users\/1"}],"replies":[{"embeddable":true,"href":"https:\/\/www.epmflow.com\/en\/wp-json\/wp\/v2\/comments?post=1154"}],"version-history":[{"count":72,"href":"https:\/\/www.epmflow.com\/en\/wp-json\/wp\/v2\/pages\/1154\/revisions"}],"predecessor-version":[{"id":3297,"href":"https:\/\/www.epmflow.com\/en\/wp-json\/wp\/v2\/pages\/1154\/revisions\/3297"}],"wp:attachment":[{"href":"https:\/\/www.epmflow.com\/en\/wp-json\/wp\/v2\/media?parent=1154"}],"curies":[{"name":"wp","href":"https:\/\/api.w.org\/{rel}","templated":true}]}}