{"id":1112,"date":"2019-08-31T18:27:54","date_gmt":"2019-08-31T16:27:54","guid":{"rendered":"https:\/\/www.epmflow.com\/solutions-and-services\/solutions\/"},"modified":"2022-04-27T23:49:22","modified_gmt":"2022-04-27T21:49:22","slug":"solutions","status":"publish","type":"page","link":"https:\/\/www.epmflow.com\/en\/solutions-and-services\/solutions\/","title":{"rendered":"Solutions"},"content":{"rendered":"<div id=\"cs-content\" class=\"cs-content\"><\/div>\n","protected":false},"excerpt":{"rendered":"<p>Platforma CDE to narz\u0119dzie w r\u0119kach zespo\u0142u, kt\u00f3ry tak naprawd\u0119 tworzy projekt. Kluczowe jest zrozumienie przez uczestnik\u00f3w procesu inwestycyjnego, w\u0142asnych potrzeb i oczekiwa\u0144 wzgl\u0119dem systemu. To jak bardzo zaawansowanego narz\u0119dzia &#8230;<\/p>\n","protected":false},"author":1,"featured_media":0,"parent":1082,"menu_order":0,"comment_status":"closed","ping_status":"closed","template":"template-layout-full-width.php","meta":{"_acf_changed":false,"_bbp_topic_count":0,"_bbp_reply_count":0,"_bbp_total_topic_count":0,"_bbp_total_reply_count":0,"_bbp_voice_count":0,"_bbp_anonymous_reply_count":0,"_bbp_topic_count_hidden":0,"_bbp_reply_count_hidden":0,"_bbp_forum_subforum_count":0,"inline_featured_image":false,"footnotes":""},"class_list":["post-1112","page","type-page","status-publish","hentry","no-post-thumbnail"],"acf":[],"yoast_head":"<!-- This site is optimized with the Yoast SEO plugin v27.3 - https:\/\/yoast.com\/product\/yoast-seo-wordpress\/ -->\n<title>Solutions - epmflow<\/title>\n<meta name=\"robots\" content=\"index, follow, max-snippet:-1, max-image-preview:large, max-video-preview:-1\" \/>\n<link rel=\"canonical\" href=\"https:\/\/www.epmflow.com\/?page_id=474\" \/>\n<meta property=\"og:locale\" content=\"en_US\" \/>\n<meta property=\"og:type\" content=\"article\" \/>\n<meta property=\"og:title\" content=\"Solutions - epmflow\" \/>\n<meta property=\"og:description\" content=\"Platforma CDE to narz\u0119dzie w r\u0119kach zespo\u0142u, kt\u00f3ry tak naprawd\u0119 tworzy projekt. Kluczowe jest zrozumienie przez uczestnik\u00f3w procesu inwestycyjnego, w\u0142asnych potrzeb i oczekiwa\u0144 wzgl\u0119dem systemu. To jak bardzo zaawansowanego narz\u0119dzia ...\" \/>\n<meta property=\"og:url\" content=\"https:\/\/www.epmflow.com\/?page_id=474\" \/>\n<meta property=\"og:site_name\" content=\"epmflow\" \/>\n<meta property=\"article:publisher\" content=\"https:\/\/www.facebook.com\/ePM-flow-359731567836620\/\" \/>\n<meta property=\"article:modified_time\" content=\"2022-04-27T21:49:22+00:00\" \/>\n<meta property=\"og:image\" content=\"https:\/\/www.epmflow.com\/wp-content\/uploads\/2020\/01\/epm_schemat.png\" \/>\n<meta name=\"twitter:card\" content=\"summary_large_image\" \/>\n<meta name=\"twitter:label1\" content=\"Est. reading time\" \/>\n\t<meta name=\"twitter:data1\" content=\"10 minutes\" \/>\n<script type=\"application\/ld+json\" class=\"yoast-schema-graph\">{\"@context\":\"https:\\\/\\\/schema.org\",\"@graph\":[{\"@type\":\"WebPage\",\"@id\":\"https:\\\/\\\/www.epmflow.com\\\/?page_id=474\",\"url\":\"https:\\\/\\\/www.epmflow.com\\\/?page_id=474\",\"name\":\"Solutions - epmflow\",\"isPartOf\":{\"@id\":\"https:\\\/\\\/www.epmflow.com\\\/en\\\/#website\"},\"primaryImageOfPage\":{\"@id\":\"https:\\\/\\\/www.epmflow.com\\\/?page_id=474#primaryimage\"},\"image\":{\"@id\":\"https:\\\/\\\/www.epmflow.com\\\/?page_id=474#primaryimage\"},\"thumbnailUrl\":\"https:\\\/\\\/www.epmflow.com\\\/wp-content\\\/uploads\\\/2020\\\/01\\\/epm_schemat.png\",\"datePublished\":\"2019-08-31T16:27:54+00:00\",\"dateModified\":\"2022-04-27T21:49:22+00:00\",\"breadcrumb\":{\"@id\":\"https:\\\/\\\/www.epmflow.com\\\/?page_id=474#breadcrumb\"},\"inLanguage\":\"en-US\",\"potentialAction\":[{\"@type\":\"ReadAction\",\"target\":[\"https:\\\/\\\/www.epmflow.com\\\/?page_id=474\"]}]},{\"@type\":\"ImageObject\",\"inLanguage\":\"en-US\",\"@id\":\"https:\\\/\\\/www.epmflow.com\\\/?page_id=474#primaryimage\",\"url\":\"https:\\\/\\\/www.epmflow.com\\\/wp-content\\\/uploads\\\/2020\\\/01\\\/epm_schemat.png\",\"contentUrl\":\"https:\\\/\\\/www.epmflow.com\\\/wp-content\\\/uploads\\\/2020\\\/01\\\/epm_schemat.png\"},{\"@type\":\"BreadcrumbList\",\"@id\":\"https:\\\/\\\/www.epmflow.com\\\/?page_id=474#breadcrumb\",\"itemListElement\":[{\"@type\":\"ListItem\",\"position\":1,\"name\":\"Strona g\u0142\u00f3wna\",\"item\":\"https:\\\/\\\/www.epmflow.com\\\/en\\\/\"},{\"@type\":\"ListItem\",\"position\":2,\"name\":\"Solutions and services\",\"item\":\"https:\\\/\\\/www.epmflow.com\\\/en\\\/solutions-and-services\\\/\"},{\"@type\":\"ListItem\",\"position\":3,\"name\":\"Solutions\"}]},{\"@type\":\"WebSite\",\"@id\":\"https:\\\/\\\/www.epmflow.com\\\/en\\\/#website\",\"url\":\"https:\\\/\\\/www.epmflow.com\\\/en\\\/\",\"name\":\"epmflow\",\"description\":\"intuicyjna i przyjazna u\u017cytkownikom platforma CDE\",\"potentialAction\":[{\"@type\":\"SearchAction\",\"target\":{\"@type\":\"EntryPoint\",\"urlTemplate\":\"https:\\\/\\\/www.epmflow.com\\\/en\\\/?s={search_term_string}\"},\"query-input\":{\"@type\":\"PropertyValueSpecification\",\"valueRequired\":true,\"valueName\":\"search_term_string\"}}],\"inLanguage\":\"en-US\"}]}<\/script>\n<!-- \/ Yoast SEO plugin. -->","yoast_head_json":{"title":"Solutions - epmflow","robots":{"index":"index","follow":"follow","max-snippet":"max-snippet:-1","max-image-preview":"max-image-preview:large","max-video-preview":"max-video-preview:-1"},"canonical":"https:\/\/www.epmflow.com\/?page_id=474","og_locale":"en_US","og_type":"article","og_title":"Solutions - epmflow","og_description":"Platforma CDE to narz\u0119dzie w r\u0119kach zespo\u0142u, kt\u00f3ry tak naprawd\u0119 tworzy projekt. Kluczowe jest zrozumienie przez uczestnik\u00f3w procesu inwestycyjnego, w\u0142asnych potrzeb i oczekiwa\u0144 wzgl\u0119dem systemu. To jak bardzo zaawansowanego narz\u0119dzia ...","og_url":"https:\/\/www.epmflow.com\/?page_id=474","og_site_name":"epmflow","article_publisher":"https:\/\/www.facebook.com\/ePM-flow-359731567836620\/","article_modified_time":"2022-04-27T21:49:22+00:00","og_image":[{"url":"https:\/\/www.epmflow.com\/wp-content\/uploads\/2020\/01\/epm_schemat.png","type":"","width":"","height":""}],"twitter_card":"summary_large_image","twitter_misc":{"Est. reading time":"10 minutes"},"schema":{"@context":"https:\/\/schema.org","@graph":[{"@type":"WebPage","@id":"https:\/\/www.epmflow.com\/?page_id=474","url":"https:\/\/www.epmflow.com\/?page_id=474","name":"Solutions - epmflow","isPartOf":{"@id":"https:\/\/www.epmflow.com\/en\/#website"},"primaryImageOfPage":{"@id":"https:\/\/www.epmflow.com\/?page_id=474#primaryimage"},"image":{"@id":"https:\/\/www.epmflow.com\/?page_id=474#primaryimage"},"thumbnailUrl":"https:\/\/www.epmflow.com\/wp-content\/uploads\/2020\/01\/epm_schemat.png","datePublished":"2019-08-31T16:27:54+00:00","dateModified":"2022-04-27T21:49:22+00:00","breadcrumb":{"@id":"https:\/\/www.epmflow.com\/?page_id=474#breadcrumb"},"inLanguage":"en-US","potentialAction":[{"@type":"ReadAction","target":["https:\/\/www.epmflow.com\/?page_id=474"]}]},{"@type":"ImageObject","inLanguage":"en-US","@id":"https:\/\/www.epmflow.com\/?page_id=474#primaryimage","url":"https:\/\/www.epmflow.com\/wp-content\/uploads\/2020\/01\/epm_schemat.png","contentUrl":"https:\/\/www.epmflow.com\/wp-content\/uploads\/2020\/01\/epm_schemat.png"},{"@type":"BreadcrumbList","@id":"https:\/\/www.epmflow.com\/?page_id=474#breadcrumb","itemListElement":[{"@type":"ListItem","position":1,"name":"Strona g\u0142\u00f3wna","item":"https:\/\/www.epmflow.com\/en\/"},{"@type":"ListItem","position":2,"name":"Solutions and services","item":"https:\/\/www.epmflow.com\/en\/solutions-and-services\/"},{"@type":"ListItem","position":3,"name":"Solutions"}]},{"@type":"WebSite","@id":"https:\/\/www.epmflow.com\/en\/#website","url":"https:\/\/www.epmflow.com\/en\/","name":"epmflow","description":"intuicyjna i przyjazna u\u017cytkownikom platforma CDE","potentialAction":[{"@type":"SearchAction","target":{"@type":"EntryPoint","urlTemplate":"https:\/\/www.epmflow.com\/en\/?s={search_term_string}"},"query-input":{"@type":"PropertyValueSpecification","valueRequired":true,"valueName":"search_term_string"}}],"inLanguage":"en-US"}]}},"_links":{"self":[{"href":"https:\/\/www.epmflow.com\/en\/wp-json\/wp\/v2\/pages\/1112","targetHints":{"allow":["GET"]}}],"collection":[{"href":"https:\/\/www.epmflow.com\/en\/wp-json\/wp\/v2\/pages"}],"about":[{"href":"https:\/\/www.epmflow.com\/en\/wp-json\/wp\/v2\/types\/page"}],"author":[{"embeddable":true,"href":"https:\/\/www.epmflow.com\/en\/wp-json\/wp\/v2\/users\/1"}],"replies":[{"embeddable":true,"href":"https:\/\/www.epmflow.com\/en\/wp-json\/wp\/v2\/comments?post=1112"}],"version-history":[{"count":50,"href":"https:\/\/www.epmflow.com\/en\/wp-json\/wp\/v2\/pages\/1112\/revisions"}],"predecessor-version":[{"id":3176,"href":"https:\/\/www.epmflow.com\/en\/wp-json\/wp\/v2\/pages\/1112\/revisions\/3176"}],"up":[{"embeddable":true,"href":"https:\/\/www.epmflow.com\/en\/wp-json\/wp\/v2\/pages\/1082"}],"wp:attachment":[{"href":"https:\/\/www.epmflow.com\/en\/wp-json\/wp\/v2\/media?parent=1112"}],"curies":[{"name":"wp","href":"https:\/\/api.w.org\/{rel}","templated":true}]}}