{"id":1104,"date":"2019-08-29T23:49:37","date_gmt":"2019-08-29T21:49:37","guid":{"rendered":"https:\/\/www.epmflow.com\/home\/"},"modified":"2022-04-27T23:21:28","modified_gmt":"2022-04-27T21:21:28","slug":"home","status":"publish","type":"page","link":"https:\/\/www.epmflow.com\/en\/","title":{"rendered":"home"},"content":{"rendered":"<div id=\"cs-content\" class=\"cs-content\"><\/div>\n","protected":false},"excerpt":{"rendered":"<p>platforma ePMflowePMflow to niezwykle intuicyjna i przyjazna u\u017cytkownikom platforma CDE, stworzona przez praktyk\u00f3w dla praktyk\u00f3w. To narz\u0119dzie, kt\u00f3rego zadaniem jest dostosowanie si\u0119 do potrzeb Twojego zespo\u0142u i zasad wsp\u00f3\u0142pracy panuj\u0105cych &#8230;<\/p>\n","protected":false},"author":1,"featured_media":0,"parent":0,"menu_order":0,"comment_status":"closed","ping_status":"closed","template":"template-blank-4.php","meta":{"_acf_changed":false,"_bbp_topic_count":0,"_bbp_reply_count":0,"_bbp_total_topic_count":0,"_bbp_total_reply_count":0,"_bbp_voice_count":0,"_bbp_anonymous_reply_count":0,"_bbp_topic_count_hidden":0,"_bbp_reply_count_hidden":0,"_bbp_forum_subforum_count":0,"inline_featured_image":false,"footnotes":""},"class_list":["post-1104","page","type-page","status-publish","hentry","no-post-thumbnail"],"acf":[],"yoast_head":"<!-- This site is optimized with the Yoast SEO plugin v27.3 - https:\/\/yoast.com\/product\/yoast-seo-wordpress\/ -->\n<title>epmflow - ePMflow Platform<\/title>\n<meta name=\"robots\" content=\"index, follow, max-snippet:-1, max-image-preview:large, max-video-preview:-1\" \/>\n<link rel=\"canonical\" href=\"https:\/\/www.epmflow.com\/en\/\" \/>\n<meta property=\"og:locale\" content=\"en_US\" \/>\n<meta property=\"og:type\" content=\"article\" \/>\n<meta property=\"og:title\" content=\"epmflow - ePMflow Platform\" \/>\n<meta property=\"og:description\" content=\"platforma ePMflowePMflow to niezwykle intuicyjna i przyjazna u\u017cytkownikom platforma CDE, stworzona przez praktyk\u00f3w dla praktyk\u00f3w. To narz\u0119dzie, kt\u00f3rego zadaniem jest dostosowanie si\u0119 do potrzeb Twojego zespo\u0142u i zasad wsp\u00f3\u0142pracy panuj\u0105cych ...\" \/>\n<meta property=\"og:url\" content=\"https:\/\/www.epmflow.com\/en\/\" \/>\n<meta property=\"og:site_name\" content=\"epmflow\" \/>\n<meta property=\"article:publisher\" content=\"https:\/\/www.facebook.com\/ePM-flow-359731567836620\/\" \/>\n<meta property=\"article:modified_time\" content=\"2022-04-27T21:21:28+00:00\" \/>\n<meta property=\"og:image\" content=\"https:\/\/www.epmflow.com\/wp-content\/uploads\/2019\/06\/epmflow_epmflow-1.svg\" \/>\n<meta name=\"twitter:card\" content=\"summary_large_image\" \/>\n<meta name=\"twitter:label1\" content=\"Est. reading time\" \/>\n\t<meta name=\"twitter:data1\" content=\"9 minutes\" \/>\n<script type=\"application\/ld+json\" class=\"yoast-schema-graph\">{\"@context\":\"https:\\\/\\\/schema.org\",\"@graph\":[{\"@type\":\"WebPage\",\"@id\":\"https:\\\/\\\/www.epmflow.com\\\/en\\\/\",\"url\":\"https:\\\/\\\/www.epmflow.com\\\/en\\\/\",\"name\":\"epmflow - ePMflow Platform\",\"isPartOf\":{\"@id\":\"https:\\\/\\\/www.epmflow.com\\\/en\\\/#website\"},\"primaryImageOfPage\":{\"@id\":\"https:\\\/\\\/www.epmflow.com\\\/en\\\/#primaryimage\"},\"image\":{\"@id\":\"https:\\\/\\\/www.epmflow.com\\\/en\\\/#primaryimage\"},\"thumbnailUrl\":\"https:\\\/\\\/www.epmflow.com\\\/wp-content\\\/uploads\\\/2019\\\/06\\\/epmflow_epmflow-1.svg\",\"datePublished\":\"2019-08-29T21:49:37+00:00\",\"dateModified\":\"2022-04-27T21:21:28+00:00\",\"breadcrumb\":{\"@id\":\"https:\\\/\\\/www.epmflow.com\\\/en\\\/#breadcrumb\"},\"inLanguage\":\"en-US\",\"potentialAction\":[{\"@type\":\"ReadAction\",\"target\":[\"https:\\\/\\\/www.epmflow.com\\\/en\\\/\"]}]},{\"@type\":\"ImageObject\",\"inLanguage\":\"en-US\",\"@id\":\"https:\\\/\\\/www.epmflow.com\\\/en\\\/#primaryimage\",\"url\":\"https:\\\/\\\/www.epmflow.com\\\/wp-content\\\/uploads\\\/2019\\\/06\\\/epmflow_epmflow-1.svg\",\"contentUrl\":\"https:\\\/\\\/www.epmflow.com\\\/wp-content\\\/uploads\\\/2019\\\/06\\\/epmflow_epmflow-1.svg\"},{\"@type\":\"BreadcrumbList\",\"@id\":\"https:\\\/\\\/www.epmflow.com\\\/en\\\/#breadcrumb\",\"itemListElement\":[{\"@type\":\"ListItem\",\"position\":1,\"name\":\"Strona g\u0142\u00f3wna\",\"item\":\"https:\\\/\\\/www.epmflow.com\\\/en\\\/\"},{\"@type\":\"ListItem\",\"position\":2,\"name\":\"home\"}]},{\"@type\":\"WebSite\",\"@id\":\"https:\\\/\\\/www.epmflow.com\\\/en\\\/#website\",\"url\":\"https:\\\/\\\/www.epmflow.com\\\/en\\\/\",\"name\":\"epmflow\",\"description\":\"intuicyjna i przyjazna u\u017cytkownikom platforma CDE\",\"potentialAction\":[{\"@type\":\"SearchAction\",\"target\":{\"@type\":\"EntryPoint\",\"urlTemplate\":\"https:\\\/\\\/www.epmflow.com\\\/en\\\/?s={search_term_string}\"},\"query-input\":{\"@type\":\"PropertyValueSpecification\",\"valueRequired\":true,\"valueName\":\"search_term_string\"}}],\"inLanguage\":\"en-US\"}]}<\/script>\n<!-- \/ Yoast SEO plugin. -->","yoast_head_json":{"title":"epmflow - ePMflow Platform","robots":{"index":"index","follow":"follow","max-snippet":"max-snippet:-1","max-image-preview":"max-image-preview:large","max-video-preview":"max-video-preview:-1"},"canonical":"https:\/\/www.epmflow.com\/en\/","og_locale":"en_US","og_type":"article","og_title":"epmflow - ePMflow Platform","og_description":"platforma ePMflowePMflow to niezwykle intuicyjna i przyjazna u\u017cytkownikom platforma CDE, stworzona przez praktyk\u00f3w dla praktyk\u00f3w. To narz\u0119dzie, kt\u00f3rego zadaniem jest dostosowanie si\u0119 do potrzeb Twojego zespo\u0142u i zasad wsp\u00f3\u0142pracy panuj\u0105cych ...","og_url":"https:\/\/www.epmflow.com\/en\/","og_site_name":"epmflow","article_publisher":"https:\/\/www.facebook.com\/ePM-flow-359731567836620\/","article_modified_time":"2022-04-27T21:21:28+00:00","og_image":[{"url":"https:\/\/www.epmflow.com\/wp-content\/uploads\/2019\/06\/epmflow_epmflow-1.svg","type":"","width":"","height":""}],"twitter_card":"summary_large_image","twitter_misc":{"Est. reading time":"9 minutes"},"schema":{"@context":"https:\/\/schema.org","@graph":[{"@type":"WebPage","@id":"https:\/\/www.epmflow.com\/en\/","url":"https:\/\/www.epmflow.com\/en\/","name":"epmflow - ePMflow Platform","isPartOf":{"@id":"https:\/\/www.epmflow.com\/en\/#website"},"primaryImageOfPage":{"@id":"https:\/\/www.epmflow.com\/en\/#primaryimage"},"image":{"@id":"https:\/\/www.epmflow.com\/en\/#primaryimage"},"thumbnailUrl":"https:\/\/www.epmflow.com\/wp-content\/uploads\/2019\/06\/epmflow_epmflow-1.svg","datePublished":"2019-08-29T21:49:37+00:00","dateModified":"2022-04-27T21:21:28+00:00","breadcrumb":{"@id":"https:\/\/www.epmflow.com\/en\/#breadcrumb"},"inLanguage":"en-US","potentialAction":[{"@type":"ReadAction","target":["https:\/\/www.epmflow.com\/en\/"]}]},{"@type":"ImageObject","inLanguage":"en-US","@id":"https:\/\/www.epmflow.com\/en\/#primaryimage","url":"https:\/\/www.epmflow.com\/wp-content\/uploads\/2019\/06\/epmflow_epmflow-1.svg","contentUrl":"https:\/\/www.epmflow.com\/wp-content\/uploads\/2019\/06\/epmflow_epmflow-1.svg"},{"@type":"BreadcrumbList","@id":"https:\/\/www.epmflow.com\/en\/#breadcrumb","itemListElement":[{"@type":"ListItem","position":1,"name":"Strona g\u0142\u00f3wna","item":"https:\/\/www.epmflow.com\/en\/"},{"@type":"ListItem","position":2,"name":"home"}]},{"@type":"WebSite","@id":"https:\/\/www.epmflow.com\/en\/#website","url":"https:\/\/www.epmflow.com\/en\/","name":"epmflow","description":"intuicyjna i przyjazna u\u017cytkownikom platforma CDE","potentialAction":[{"@type":"SearchAction","target":{"@type":"EntryPoint","urlTemplate":"https:\/\/www.epmflow.com\/en\/?s={search_term_string}"},"query-input":{"@type":"PropertyValueSpecification","valueRequired":true,"valueName":"search_term_string"}}],"inLanguage":"en-US"}]}},"_links":{"self":[{"href":"https:\/\/www.epmflow.com\/en\/wp-json\/wp\/v2\/pages\/1104","targetHints":{"allow":["GET"]}}],"collection":[{"href":"https:\/\/www.epmflow.com\/en\/wp-json\/wp\/v2\/pages"}],"about":[{"href":"https:\/\/www.epmflow.com\/en\/wp-json\/wp\/v2\/types\/page"}],"author":[{"embeddable":true,"href":"https:\/\/www.epmflow.com\/en\/wp-json\/wp\/v2\/users\/1"}],"replies":[{"embeddable":true,"href":"https:\/\/www.epmflow.com\/en\/wp-json\/wp\/v2\/comments?post=1104"}],"version-history":[{"count":14,"href":"https:\/\/www.epmflow.com\/en\/wp-json\/wp\/v2\/pages\/1104\/revisions"}],"predecessor-version":[{"id":3157,"href":"https:\/\/www.epmflow.com\/en\/wp-json\/wp\/v2\/pages\/1104\/revisions\/3157"}],"wp:attachment":[{"href":"https:\/\/www.epmflow.com\/en\/wp-json\/wp\/v2\/media?parent=1104"}],"curies":[{"name":"wp","href":"https:\/\/api.w.org\/{rel}","templated":true}]}}