{"id":1092,"date":"2019-08-29T23:34:10","date_gmt":"2019-08-29T21:34:10","guid":{"rendered":"https:\/\/www.epmflow.com\/company\/careers\/"},"modified":"2022-04-28T00:06:38","modified_gmt":"2022-04-27T22:06:38","slug":"careers","status":"publish","type":"page","link":"https:\/\/www.epmflow.com\/en\/company\/careers\/","title":{"rendered":"Careers"},"content":{"rendered":"<div id=\"cs-content\" class=\"cs-content\"><\/div>\n","protected":false},"excerpt":{"rendered":"<p>Zosta\u0144 cz\u0119\u015bci\u0105 naszego zespo\u0142u. Firma ePM sp. z o.o. powsta\u0142a aby pomaga\u0107 instytucjom publicznym i przedsi\u0119biorstwom budowlanym w optymalizacji pracy przy wykorzystaniu nowoczesnych metod zarz\u0105dzania obiegiem danych w procesach inwestycyjnych. &#8230;<\/p>\n","protected":false},"author":1,"featured_media":0,"parent":1073,"menu_order":0,"comment_status":"closed","ping_status":"closed","template":"template-layout-full-width.php","meta":{"_acf_changed":false,"_bbp_topic_count":0,"_bbp_reply_count":0,"_bbp_total_topic_count":0,"_bbp_total_reply_count":0,"_bbp_voice_count":0,"_bbp_anonymous_reply_count":0,"_bbp_topic_count_hidden":0,"_bbp_reply_count_hidden":0,"_bbp_forum_subforum_count":0,"inline_featured_image":false,"footnotes":""},"class_list":["post-1092","page","type-page","status-publish","hentry","no-post-thumbnail"],"acf":[],"yoast_head":"<!-- This site is optimized with the Yoast SEO plugin v27.3 - https:\/\/yoast.com\/product\/yoast-seo-wordpress\/ -->\n<title>Careers - epmflow<\/title>\n<meta name=\"robots\" content=\"index, follow, max-snippet:-1, max-image-preview:large, max-video-preview:-1\" \/>\n<link rel=\"canonical\" href=\"https:\/\/www.epmflow.com\/firma\/kariera\/\" \/>\n<meta property=\"og:locale\" content=\"en_US\" \/>\n<meta property=\"og:type\" content=\"article\" \/>\n<meta property=\"og:title\" content=\"Careers - epmflow\" \/>\n<meta property=\"og:description\" content=\"Zosta\u0144 cz\u0119\u015bci\u0105 naszego zespo\u0142u. Firma ePM sp. z o.o. powsta\u0142a aby pomaga\u0107 instytucjom publicznym i przedsi\u0119biorstwom budowlanym w optymalizacji pracy przy wykorzystaniu nowoczesnych metod zarz\u0105dzania obiegiem danych w procesach inwestycyjnych. ...\" \/>\n<meta property=\"og:url\" content=\"https:\/\/www.epmflow.com\/firma\/kariera\/\" \/>\n<meta property=\"og:site_name\" content=\"epmflow\" \/>\n<meta property=\"article:publisher\" content=\"https:\/\/www.facebook.com\/ePM-flow-359731567836620\/\" \/>\n<meta property=\"article:modified_time\" content=\"2022-04-27T22:06:38+00:00\" \/>\n<meta name=\"twitter:card\" content=\"summary_large_image\" \/>\n<meta name=\"twitter:label1\" content=\"Est. reading time\" \/>\n\t<meta name=\"twitter:data1\" content=\"7 minutes\" \/>\n<script type=\"application\/ld+json\" class=\"yoast-schema-graph\">{\"@context\":\"https:\\\/\\\/schema.org\",\"@graph\":[{\"@type\":\"WebPage\",\"@id\":\"https:\\\/\\\/www.epmflow.com\\\/firma\\\/kariera\\\/\",\"url\":\"https:\\\/\\\/www.epmflow.com\\\/firma\\\/kariera\\\/\",\"name\":\"Careers - epmflow\",\"isPartOf\":{\"@id\":\"https:\\\/\\\/www.epmflow.com\\\/en\\\/#website\"},\"datePublished\":\"2019-08-29T21:34:10+00:00\",\"dateModified\":\"2022-04-27T22:06:38+00:00\",\"breadcrumb\":{\"@id\":\"https:\\\/\\\/www.epmflow.com\\\/firma\\\/kariera\\\/#breadcrumb\"},\"inLanguage\":\"en-US\",\"potentialAction\":[{\"@type\":\"ReadAction\",\"target\":[\"https:\\\/\\\/www.epmflow.com\\\/firma\\\/kariera\\\/\"]}]},{\"@type\":\"BreadcrumbList\",\"@id\":\"https:\\\/\\\/www.epmflow.com\\\/firma\\\/kariera\\\/#breadcrumb\",\"itemListElement\":[{\"@type\":\"ListItem\",\"position\":1,\"name\":\"Strona g\u0142\u00f3wna\",\"item\":\"https:\\\/\\\/www.epmflow.com\\\/en\\\/\"},{\"@type\":\"ListItem\",\"position\":2,\"name\":\"Company\",\"item\":\"https:\\\/\\\/www.epmflow.com\\\/en\\\/company\\\/\"},{\"@type\":\"ListItem\",\"position\":3,\"name\":\"Careers\"}]},{\"@type\":\"WebSite\",\"@id\":\"https:\\\/\\\/www.epmflow.com\\\/en\\\/#website\",\"url\":\"https:\\\/\\\/www.epmflow.com\\\/en\\\/\",\"name\":\"epmflow\",\"description\":\"intuicyjna i przyjazna u\u017cytkownikom platforma CDE\",\"potentialAction\":[{\"@type\":\"SearchAction\",\"target\":{\"@type\":\"EntryPoint\",\"urlTemplate\":\"https:\\\/\\\/www.epmflow.com\\\/en\\\/?s={search_term_string}\"},\"query-input\":{\"@type\":\"PropertyValueSpecification\",\"valueRequired\":true,\"valueName\":\"search_term_string\"}}],\"inLanguage\":\"en-US\"}]}<\/script>\n<!-- \/ Yoast SEO plugin. -->","yoast_head_json":{"title":"Careers - epmflow","robots":{"index":"index","follow":"follow","max-snippet":"max-snippet:-1","max-image-preview":"max-image-preview:large","max-video-preview":"max-video-preview:-1"},"canonical":"https:\/\/www.epmflow.com\/firma\/kariera\/","og_locale":"en_US","og_type":"article","og_title":"Careers - epmflow","og_description":"Zosta\u0144 cz\u0119\u015bci\u0105 naszego zespo\u0142u. Firma ePM sp. z o.o. powsta\u0142a aby pomaga\u0107 instytucjom publicznym i przedsi\u0119biorstwom budowlanym w optymalizacji pracy przy wykorzystaniu nowoczesnych metod zarz\u0105dzania obiegiem danych w procesach inwestycyjnych. ...","og_url":"https:\/\/www.epmflow.com\/firma\/kariera\/","og_site_name":"epmflow","article_publisher":"https:\/\/www.facebook.com\/ePM-flow-359731567836620\/","article_modified_time":"2022-04-27T22:06:38+00:00","twitter_card":"summary_large_image","twitter_misc":{"Est. reading time":"7 minutes"},"schema":{"@context":"https:\/\/schema.org","@graph":[{"@type":"WebPage","@id":"https:\/\/www.epmflow.com\/firma\/kariera\/","url":"https:\/\/www.epmflow.com\/firma\/kariera\/","name":"Careers - epmflow","isPartOf":{"@id":"https:\/\/www.epmflow.com\/en\/#website"},"datePublished":"2019-08-29T21:34:10+00:00","dateModified":"2022-04-27T22:06:38+00:00","breadcrumb":{"@id":"https:\/\/www.epmflow.com\/firma\/kariera\/#breadcrumb"},"inLanguage":"en-US","potentialAction":[{"@type":"ReadAction","target":["https:\/\/www.epmflow.com\/firma\/kariera\/"]}]},{"@type":"BreadcrumbList","@id":"https:\/\/www.epmflow.com\/firma\/kariera\/#breadcrumb","itemListElement":[{"@type":"ListItem","position":1,"name":"Strona g\u0142\u00f3wna","item":"https:\/\/www.epmflow.com\/en\/"},{"@type":"ListItem","position":2,"name":"Company","item":"https:\/\/www.epmflow.com\/en\/company\/"},{"@type":"ListItem","position":3,"name":"Careers"}]},{"@type":"WebSite","@id":"https:\/\/www.epmflow.com\/en\/#website","url":"https:\/\/www.epmflow.com\/en\/","name":"epmflow","description":"intuicyjna i przyjazna u\u017cytkownikom platforma CDE","potentialAction":[{"@type":"SearchAction","target":{"@type":"EntryPoint","urlTemplate":"https:\/\/www.epmflow.com\/en\/?s={search_term_string}"},"query-input":{"@type":"PropertyValueSpecification","valueRequired":true,"valueName":"search_term_string"}}],"inLanguage":"en-US"}]}},"_links":{"self":[{"href":"https:\/\/www.epmflow.com\/en\/wp-json\/wp\/v2\/pages\/1092","targetHints":{"allow":["GET"]}}],"collection":[{"href":"https:\/\/www.epmflow.com\/en\/wp-json\/wp\/v2\/pages"}],"about":[{"href":"https:\/\/www.epmflow.com\/en\/wp-json\/wp\/v2\/types\/page"}],"author":[{"embeddable":true,"href":"https:\/\/www.epmflow.com\/en\/wp-json\/wp\/v2\/users\/1"}],"replies":[{"embeddable":true,"href":"https:\/\/www.epmflow.com\/en\/wp-json\/wp\/v2\/comments?post=1092"}],"version-history":[{"count":15,"href":"https:\/\/www.epmflow.com\/en\/wp-json\/wp\/v2\/pages\/1092\/revisions"}],"predecessor-version":[{"id":3217,"href":"https:\/\/www.epmflow.com\/en\/wp-json\/wp\/v2\/pages\/1092\/revisions\/3217"}],"up":[{"embeddable":true,"href":"https:\/\/www.epmflow.com\/en\/wp-json\/wp\/v2\/pages\/1073"}],"wp:attachment":[{"href":"https:\/\/www.epmflow.com\/en\/wp-json\/wp\/v2\/media?parent=1092"}],"curies":[{"name":"wp","href":"https:\/\/api.w.org\/{rel}","templated":true}]}}